{"id":274,"date":"2023-10-10T12:40:08","date_gmt":"2023-10-10T12:40:08","guid":{"rendered":"https:\/\/infinityc.com.co\/?page_id=274"},"modified":"2025-04-16T14:45:36","modified_gmt":"2025-04-16T14:45:36","slug":"contacto","status":"publish","type":"page","link":"https:\/\/infinityc.com.co\/index.php\/contacto\/","title":{"rendered":"Contacto"},"content":{"rendered":"<h1><span>Hagamos algo incre\u00edble juntos.<\/span><\/h1>\n<div>\n<p>7.8871,-72.4949<\/p>\n<h3>London, UK<\/h3>\n<\/div>\n<ul>\n<li>\n<div>\n<div class=\"wDYxhc\" data-attrid=\"kc:\/location\/location:address\" data-md=\"1002\" data-hveid=\"CCsQAA\" data-ved=\"2ahUKEwiAoveu0PqKAxVYSzABHWlaOWcQkCl6BAgrEAA\">\n<div class=\"Z1hOCe\">\n<div class=\"zloOqf lew4sc PZPZlf\" data-dtype=\"d3ifr\" data-local-attribute=\"d3adr\" data-mid=\"\/g\/122kjggp\" jsdata=\"kMGuHf;_;Ab+lTk\" data-ved=\"2ahUKEwiAoveu0PqKAxVYSzABHWlaOWcQghwoAHoECCsQAQ\"><span class=\"w8qArf FoJoyf\"><a class=\"fl\" href=\"https:\/\/www.google.com\/search?client=firefox-b-d&amp;sca_esv=8d59bb44a0e9f69d&amp;sxsrf=ADLYWIJPXjAKsZfC9mMK3ywfzWSUikRl3Q:1737043786720&amp;q=hotel+casino+internacional+direcci%C3%B3n&amp;ludocid=14780818885825145559&amp;sa=X&amp;ved=2ahUKEwiAoveu0PqKAxVYSzABHWlaOWcQ6BN6BAgrEAI\" data-ved=\"2ahUKEwiAoveu0PqKAxVYSzABHWlaOWcQ6BN6BAgrEAI\">Direcci\u00f3n<\/a><span>:<\/span> <\/span><span class=\"LrzXr\">Cl. 11 #2E-75, Los Caobos, <\/span><\/div>\n<\/div>\n<\/div>\n<\/div>\n<\/li>\n<li>\n<div>\n<p><span class=\"LrzXr\">C\u00facuta<\/span><\/p>\n<\/div>\n<\/li>\n<li>\n<div>\n<p><span class=\"LrzXr\">Norte de Santander<\/span><\/p>\n<\/div>\n<\/li>\n<\/ul>\n<ul>\n<li>\n<h3>Celular<\/h3>\n<p><a href=\"tel:+5551234678\"><\/p>\n<p>+57 310 2286404<\/p>\n<p><\/a><\/p>\n<\/li>\n<li>\n<h3>WhatsApp<\/h3>\n<p><a href=\"https:\/\/web.whatsapp.com\/send?phone=573102014006&#038;text=Hola%20INFINITYC.%20%C2%A1Estoy%20interesado%20en%20obtener%20m%C3%A1s%20informaci%C3%B3n%20sobre%20el%20dise%C3%B1o%20y%20desarrollo%20de%20un%20sitio%20web%20para%20mi%20negocio!\"><\/p>\n<p>+57 310 2286404<\/p>\n<p><\/a><\/p>\n<\/li>\n<li>\n<h3>E-Mail<\/h3>\n<p>contacto@infinityc.com.co<\/p>\n<\/li>\n<\/ul>\n<h2>Nuestro Equipo se Preocupa por Ti<\/p>\n<div><\/div>\n<\/h2>\n<hr>\n<div>\n<p>        <img decoding=\"async\" src=\"\/wp-content\/uploads\/contact-team-02.jpg\" alt=\"\"><\/p>\n<div>Alexsi Pe\u00f1aranda<\/div>\n<p>Desarrollador Web<\/p>\n<\/div>\n<p>\n    <a href=\"tel:+5551234678\">+57 3102286404<\/a>\n<\/p>\n<hr>\n<div>\n<p>        <img decoding=\"async\" src=\"\/wp-content\/uploads\/contact-team-03.jpg\" alt=\"\"><\/p>\n<div>Daniel Quintero<\/div>\n<p>Mercadeo<\/p>\n<\/div>\n<p>\n    <a href=\"tel:+573102014006\">+57 310 2014006<\/a>\n<\/p>\n<hr>\n<div>\n<p>        <img decoding=\"async\" src=\"\/wp-content\/uploads\/contact-team-06.jpg\" alt=\"\"><\/p>\n<div>Angie Contreras<\/div>\n<p>Dise\u00f1o Grafico<\/p>\n<\/div>\n<p>\n    <a href=\"tel:+573102014006\">+57 310 2014006<\/a>\n<\/p>\n<p><!--more--><br \/>\n<!-- {\"type\":\"layout\",\"children\":[{\"name\":\"Hero\",\"type\":\"section\",\"props\":{\"image_position\":\"center-center\",\"padding\":\"large\",\"style\":\"default\",\"title_breakpoint\":\"xl\",\"title_position\":\"top-left\",\"title_rotation\":\"left\",\"vertical_align\":\"\",\"width\":\"large\"},\"children\":[{\"type\":\"row\",\"children\":[{\"type\":\"column\",\"props\":{\"image_position\":\"center-center\",\"position_sticky_breakpoint\":\"m\",\"width_medium\":\"1-1\"},\"children\":[{\"type\":\"headline\",\"props\":{\"animation\":\"parallax\",\"content\":\"<span>Hagamos algo incre\\u00edble juntos.<\\\/span>\",\"maxwidth\":\"2xlarge\",\"parallax_breakpoint\":\"m\",\"parallax_easing\":\"1\",\"parallax_y\":\"0,-50\",\"title_element\":\"h1\",\"title_style\":\"heading-medium\"}}]}]}]},{\"name\":\"Contact\",\"type\":\"section\",\"props\":{\"image_position\":\"center-center\",\"padding_remove_top\":true,\"style\":\"default\",\"title_breakpoint\":\"xl\",\"title_position\":\"top-left\",\"title_rotation\":\"left\",\"vertical_align\":\"\",\"width\":\"\"},\"children\":[{\"type\":\"row\",\"props\":{\"column_gap\":\"collapse\",\"layout\":\"2-3,1-3\",\"row_gap\":\"collapse\"},\"children\":[{\"type\":\"column\",\"props\":{\"image_position\":\"center-center\",\"position_sticky_breakpoint\":\"m\",\"width_large\":\"2-3\"},\"children\":[{\"type\":\"map\",\"props\":{\"animation\":\"none\",\"controls\":false,\"dragging\":false,\"height\":\"750\",\"image_svg_color\":\"emphasis\",\"link_style\":\"default\",\"link_text\":\"Read more\",\"margin\":\"default\",\"max_zoom\":18,\"meta_align\":\"below-title\",\"meta_element\":\"div\",\"meta_style\":\"text-meta\",\"min_zoom\":0,\"parallax_end\":\"70vh + 70%\",\"parallax_y\":\"30,0\",\"poi\":false,\"show_content\":true,\"show_image\":true,\"show_link\":true,\"show_meta\":true,\"show_title\":true,\"styler_hue\":\"rgb(255, 255, 255)\",\"styler_lightness\":\"42\",\"title_element\":\"h3\",\"title_hover_style\":\"reset\",\"type\":\"roadmap\",\"zoom\":\"15\",\"zooming\":false},\"children\":[{\"type\":\"map_item\",\"props\":{\"hide\":false,\"location\":\"7.8871,-72.4949\",\"show_popup\":false,\"title\":\"London, UK\"}}]}]},{\"type\":\"column\",\"props\":{\"image_position\":\"center-center\",\"position_sticky_breakpoint\":\"m\",\"preserve_color\":false,\"style\":\"tile-secondary\",\"vertical_align\":\"middle\",\"width_large\":\"1-3\"},\"children\":[{\"type\":\"list\",\"props\":{\"animation\":\"parallax\",\"column_breakpoint\":\"m\",\"content_style\":\"heading-small\",\"image_align\":\"left\",\"image_svg_color\":\"emphasis\",\"image_vertical_align\":true,\"list_element\":\"ul\",\"list_horizontal_separator\":\", \",\"list_type\":\"vertical\",\"margin\":\"large\",\"parallax_breakpoint\":\"m\",\"parallax_easing\":\"1\",\"parallax_end\":\"70vh + 70%\",\"parallax_y\":\"30,0\",\"show_image\":true,\"show_link\":true,\"text_align\":\"left\"},\"children\":[{\"type\":\"list_item\",\"props\":{\"content\":\"\n\n<div class=\\\"wDYxhc\\\" data-attrid=\\\"kc:\\\/location\\\/location:address\\\" data-md=\\\"1002\\\" data-hveid=\\\"CCsQAA\\\" data-ved=\\\"2ahUKEwiAoveu0PqKAxVYSzABHWlaOWcQkCl6BAgrEAA\\\">\\n\n\n<div class=\\\"Z1hOCe\\\">\\n\n\n<div class=\\\"zloOqf lew4sc PZPZlf\\\" data-dtype=\\\"d3ifr\\\" data-local-attribute=\\\"d3adr\\\" data-mid=\\\"\\\/g\\\/122kjggp\\\" jsdata=\\\"kMGuHf;_;Ab+lTk\\\" data-ved=\\\"2ahUKEwiAoveu0PqKAxVYSzABHWlaOWcQghwoAHoECCsQAQ\\\"><span class=\\\"w8qArf FoJoyf\\\"><a class=\\\"fl\\\" href=\\\"https:\\\/\\\/www.google.com\\\/search?client=firefox-b-d&amp;sca_esv=8d59bb44a0e9f69d&amp;sxsrf=ADLYWIJPXjAKsZfC9mMK3ywfzWSUikRl3Q:1737043786720&amp;q=hotel+casino+internacional+direcci%C3%B3n&amp;ludocid=14780818885825145559&amp;sa=X&amp;ved=2ahUKEwiAoveu0PqKAxVYSzABHWlaOWcQ6BN6BAgrEAI\\\" data-ved=\\\"2ahUKEwiAoveu0PqKAxVYSzABHWlaOWcQ6BN6BAgrEAI\\\">Direcci\\u00f3n<\\\/a><span>:<\\\/span> <\\\/span><span class=\\\"LrzXr\\\">Cl. 11 #2E-75, Los Caobos, <\\\/span><\\\/div>\\n<\\\/div>\\n<\\\/div>\"}},{\"type\":\"list_item\",\"props\":{\"content\":\"\n\n<p><span class=\\\"LrzXr\\\">C\\u00facuta<\\\/span><\\\/p>\"}},{\"type\":\"list_item\",\"props\":{\"content\":\"\n\n<p><span class=\\\"LrzXr\\\">Norte de Santander<\\\/span><\\\/p>\"}}]},{\"type\":\"description_list\",\"props\":{\"animation\":\"none\",\"column_breakpoint\":\"m\",\"content_style\":\"text-lead\",\"layout\":\"grid-2\",\"list_element\":\"ul\",\"meta_align\":\"below-content\",\"meta_style\":\"h4\",\"show_content\":true,\"show_link\":true,\"show_meta\":true,\"show_title\":true,\"title_colon\":false,\"title_color\":\"muted\",\"title_element\":\"div\",\"title_grid_column_gap\":\"\",\"title_grid_row_gap\":\"\",\"title_grid_width\":\"small\",\"title_leader\":true,\"title_style\":\"h4\"},\"children\":[{\"type\":\"description_list_item\",\"props\":{\"content\":\"\n\n<p>+57 310 2286404<\\\/p>\",\"link\":\"tel:+5551234678\",\"meta\":\"\",\"title\":\"Celular\"}},{\"type\":\"description_list_item\",\"props\":{\"content\":\"\n\n<p>+57 310 2286404<\\\/p>\",\"link\":\"https:\\\/\\\/web.whatsapp.com\\\/send?phone=573102014006&text=Hola%20INFINITYC.%20%C2%A1Estoy%20interesado%20en%20obtener%20m%C3%A1s%20informaci%C3%B3n%20sobre%20el%20dise%C3%B1o%20y%20desarrollo%20de%20un%20sitio%20web%20para%20mi%20negocio!\",\"link_target\":true,\"meta\":\"\",\"title\":\"WhatsApp\"}},{\"type\":\"description_list_item\",\"props\":{\"content\":\"\",\"link\":\"mailto:mail@example.com\",\"meta\":\"contacto@infinityc.com.co\",\"title\":\"E-Mail\"}}]}]}]}]},{\"name\":\"Team\",\"type\":\"section\",\"props\":{\"image_position\":\"center-center\",\"padding\":\"large\",\"style\":\"default\",\"title_breakpoint\":\"xl\",\"title_position\":\"top-left\",\"title_rotation\":\"left\",\"vertical_align\":\"\",\"width\":\"small\"},\"children\":[{\"type\":\"row\",\"props\":{\"margin\":\"xlarge\"},\"children\":[{\"type\":\"column\",\"props\":{\"image_position\":\"center-center\",\"position_sticky_breakpoint\":\"m\",\"width_medium\":\"1-1\"},\"children\":[{\"type\":\"divider\",\"props\":{\"divider_align\":\"center\",\"divider_element\":\"div\",\"divider_style\":\"small\"}},{\"type\":\"headline\",\"props\":{\"animation\":\"parallax\",\"content\":\"Nuestro Equipo se Preocupa por Ti\\n\n\n<div><\\\/div>\",\"margin_remove_top\":true,\"parallax_easing\":\"1\",\"parallax_end\":\"70vh + 70%\",\"parallax_opacity\":\"0.3,1\",\"parallax_y\":\"30,0\",\"text_align\":\"center\",\"title_element\":\"h2\",\"title_style\":\"heading-small\"}}]}]},{\"type\":\"row\",\"props\":{\"margin\":\"medium\"},\"children\":[{\"type\":\"column\",\"props\":{\"image_position\":\"center-center\",\"position_sticky_breakpoint\":\"m\",\"width_medium\":\"1-1\"},\"children\":[{\"type\":\"divider\",\"props\":{\"divider_element\":\"hr\"}}]}]},{\"type\":\"row\",\"props\":{\"column_gap\":\"small\",\"layout\":\"2-3,1-3\",\"row_gap\":\"small\"},\"children\":[{\"type\":\"column\",\"props\":{\"image_position\":\"center-center\",\"position_sticky_breakpoint\":\"m\",\"vertical_align\":\"middle\",\"width_small\":\"2-3\"},\"children\":[{\"type\":\"panel\",\"props\":{\"content_column_breakpoint\":\"m\",\"icon_width\":80,\"image\":\"wp-content\\\/uploads\\\/contact-team-02.jpg\",\"image_align\":\"left\",\"image_border\":\"circle\",\"image_grid_breakpoint\":\"s\",\"image_grid_column_gap\":\"medium\",\"image_grid_row_gap\":\"medium\",\"image_grid_width\":\"auto\",\"image_svg_color\":\"emphasis\",\"image_width\":\"70\",\"link_style\":\"default\",\"link_text\":\"Read more\",\"margin\":\"default\",\"meta\":\"Desarrollador Web\",\"meta_align\":\"above-title\",\"meta_color\":\"primary\",\"meta_element\":\"h3\",\"meta_style\":\"h5\",\"text_align\":\"left\",\"text_align_breakpoint\":\"s\",\"text_align_fallback\":\"center\",\"title\":\"Alexsi Pe\\u00f1aranda\",\"title_align\":\"top\",\"title_element\":\"div\",\"title_grid_breakpoint\":\"m\",\"title_grid_width\":\"1-2\",\"title_hover_style\":\"reset\",\"title_margin\":\"remove\",\"title_style\":\"h3\"}}]},{\"type\":\"column\",\"props\":{\"image_position\":\"center-center\",\"position_sticky_breakpoint\":\"m\",\"vertical_align\":\"middle\",\"width_small\":\"1-3\"},\"children\":[{\"type\":\"button\",\"props\":{\"grid_column_gap\":\"small\",\"grid_row_gap\":\"small\",\"margin\":\"default\",\"text_align\":\"right\",\"text_align_breakpoint\":\"s\",\"text_align_fallback\":\"center\"},\"children\":[{\"type\":\"button_item\",\"props\":{\"button_style\":\"text\",\"content\":\"+57 3102286404\",\"icon_align\":\"left\",\"link\":\"tel:+5551234678\"}}]}]}]},{\"type\":\"row\",\"props\":{\"margin\":\"medium\"},\"children\":[{\"type\":\"column\",\"props\":{\"image_position\":\"center-center\",\"position_sticky_breakpoint\":\"m\",\"width_medium\":\"1-1\"},\"children\":[{\"type\":\"divider\",\"props\":{\"divider_element\":\"hr\"}}]}]},{\"type\":\"row\",\"props\":{\"column_gap\":\"small\",\"layout\":\"2-3,1-3\",\"row_gap\":\"small\"},\"children\":[{\"type\":\"column\",\"props\":{\"image_position\":\"center-center\",\"position_sticky_breakpoint\":\"m\",\"vertical_align\":\"middle\",\"width_small\":\"2-3\"},\"children\":[{\"type\":\"panel\",\"props\":{\"content_column_breakpoint\":\"m\",\"icon_width\":80,\"image\":\"wp-content\\\/uploads\\\/contact-team-03.jpg\",\"image_align\":\"left\",\"image_border\":\"circle\",\"image_grid_breakpoint\":\"s\",\"image_grid_column_gap\":\"medium\",\"image_grid_row_gap\":\"medium\",\"image_grid_width\":\"auto\",\"image_svg_color\":\"emphasis\",\"image_width\":\"70\",\"link_style\":\"default\",\"link_text\":\"Read more\",\"margin\":\"default\",\"meta\":\"Mercadeo\",\"meta_align\":\"above-title\",\"meta_color\":\"primary\",\"meta_element\":\"h3\",\"meta_style\":\"h5\",\"text_align\":\"left\",\"text_align_breakpoint\":\"s\",\"text_align_fallback\":\"center\",\"title\":\"Daniel Quintero\",\"title_align\":\"top\",\"title_element\":\"div\",\"title_grid_breakpoint\":\"m\",\"title_grid_width\":\"1-2\",\"title_hover_style\":\"reset\",\"title_margin\":\"remove\",\"title_style\":\"h3\"}}]},{\"type\":\"column\",\"props\":{\"image_position\":\"center-center\",\"position_sticky_breakpoint\":\"m\",\"vertical_align\":\"middle\",\"width_small\":\"1-3\"},\"children\":[{\"type\":\"button\",\"props\":{\"grid_column_gap\":\"small\",\"grid_row_gap\":\"small\",\"margin\":\"default\",\"text_align\":\"right\",\"text_align_breakpoint\":\"s\",\"text_align_fallback\":\"center\"},\"children\":[{\"type\":\"button_item\",\"props\":{\"button_style\":\"text\",\"content\":\"+57 310 2014006\",\"icon_align\":\"left\",\"link\":\"tel:+573102014006\"}}]}]}]},{\"type\":\"row\",\"props\":{\"margin\":\"medium\"},\"children\":[{\"type\":\"column\",\"props\":{\"image_position\":\"center-center\",\"position_sticky_breakpoint\":\"m\",\"width_medium\":\"1-1\"},\"children\":[{\"type\":\"divider\",\"props\":{\"divider_element\":\"hr\"}}]}]},{\"type\":\"row\",\"props\":{\"column_gap\":\"small\",\"layout\":\"2-3,1-3\",\"row_gap\":\"small\"},\"children\":[{\"type\":\"column\",\"props\":{\"image_position\":\"center-center\",\"position_sticky_breakpoint\":\"m\",\"vertical_align\":\"middle\",\"width_small\":\"2-3\"},\"children\":[{\"type\":\"panel\",\"props\":{\"content_column_breakpoint\":\"m\",\"icon_width\":80,\"image\":\"wp-content\\\/uploads\\\/contact-team-06.jpg\",\"image_align\":\"left\",\"image_border\":\"circle\",\"image_grid_breakpoint\":\"s\",\"image_grid_column_gap\":\"medium\",\"image_grid_row_gap\":\"medium\",\"image_grid_width\":\"auto\",\"image_svg_color\":\"emphasis\",\"image_width\":\"70\",\"link_style\":\"default\",\"link_text\":\"Read more\",\"margin\":\"default\",\"meta\":\"Dise\\u00f1o Grafico\",\"meta_align\":\"above-title\",\"meta_color\":\"primary\",\"meta_element\":\"h3\",\"meta_style\":\"h5\",\"text_align\":\"left\",\"text_align_breakpoint\":\"s\",\"text_align_fallback\":\"center\",\"title\":\"Angie Contreras\",\"title_align\":\"top\",\"title_element\":\"div\",\"title_grid_breakpoint\":\"m\",\"title_grid_width\":\"1-2\",\"title_hover_style\":\"reset\",\"title_margin\":\"remove\",\"title_style\":\"h3\"}}]},{\"type\":\"column\",\"props\":{\"image_position\":\"center-center\",\"position_sticky_breakpoint\":\"m\",\"vertical_align\":\"middle\",\"width_small\":\"1-3\"},\"children\":[{\"type\":\"button\",\"props\":{\"grid_column_gap\":\"small\",\"grid_row_gap\":\"small\",\"margin\":\"default\",\"text_align\":\"right\",\"text_align_breakpoint\":\"s\",\"text_align_fallback\":\"center\"},\"children\":[{\"type\":\"button_item\",\"props\":{\"button_style\":\"text\",\"content\":\"+57 310 2014006\",\"icon_align\":\"left\",\"link\":\"tel:+573102014006\"}}]}]}]}]}],\"version\":\"4.4.9\"} --><\/p>\n","protected":false},"excerpt":{"rendered":"<p>Hagamos algo incre\u00edble juntos. 7.8871,-72.4949 London, UK Direcci\u00f3n: Cl. 11 #2E-75, Los Caobos, C\u00facuta Norte de Santander Celular +57 310 2286404 WhatsApp +57 310 2286404 E-Mail contacto@infinityc.com.co Nuestro Equipo se Preocupa por Ti Alexsi Pe\u00f1aranda Desarrollador Web +57 3102286404 Daniel Quintero Mercadeo +57 310 2014006 Angie Contreras Dise\u00f1o Grafico +57 310 2014006<\/p>\n","protected":false},"author":1,"featured_media":0,"parent":0,"menu_order":0,"comment_status":"closed","ping_status":"closed","template":"","meta":{"om_disable_all_campaigns":false,"_monsterinsights_skip_tracking":false,"_monsterinsights_sitenote_active":false,"_monsterinsights_sitenote_note":"","_monsterinsights_sitenote_category":0,"_uf_show_specific_survey":0,"_uf_disable_surveys":false,"_joinchat":{"telephone":"+573102014006"},"footnotes":""},"class_list":["post-274","page","type-page","status-publish","hentry"],"yoast_head":"<!-- This site is optimized with the Yoast SEO plugin v21.6 - https:\/\/yoast.com\/wordpress\/plugins\/seo\/ -->\n<title>Contacto - infinityc.com.co | Sitios Web | SEO | Publicidad Online | Marketing Digital<\/title>\n<meta name=\"description\" content=\"\u00a1Con\u00e9ctate con nosotros para descubrir c\u00f3mo nuestra experiencia en desarrollo de sitios web, estrategias SEO avanzadas, marketing efectivo y fotograf\u00eda de productos de alta calidad pueden potenciar tu presencia en l\u00ednea!\" \/>\n<meta name=\"robots\" content=\"index, follow, max-snippet:-1, max-image-preview:large, max-video-preview:-1\" \/>\n<link rel=\"canonical\" href=\"https:\/\/infinityc.com.co\/index.php\/contacto\/\" \/>\n<meta property=\"og:locale\" content=\"es_ES\" \/>\n<meta property=\"og:type\" content=\"article\" \/>\n<meta property=\"og:title\" content=\"Contacto - infinityc.com.co | Sitios Web | SEO | Publicidad Online | Marketing Digital\" \/>\n<meta property=\"og:description\" content=\"\u00a1Con\u00e9ctate con nosotros para descubrir c\u00f3mo nuestra experiencia en desarrollo de sitios web, estrategias SEO avanzadas, marketing efectivo y fotograf\u00eda de productos de alta calidad pueden potenciar tu presencia en l\u00ednea!\" \/>\n<meta property=\"og:url\" content=\"https:\/\/infinityc.com.co\/index.php\/contacto\/\" \/>\n<meta property=\"og:site_name\" content=\"infinityc.com.co | Sitios Web | SEO | Publicidad Online | Marketing Digital\" \/>\n<meta property=\"article:modified_time\" content=\"2025-04-16T14:45:36+00:00\" \/>\n<meta property=\"og:image\" content=\"https:\/\/infinityc.com.co\/wp-content\/uploads\/2023\/10\/Logotipo-de-empresa-de-programacion-de-sistemas-y-tecnologia-1.png\" \/>\n\t<meta property=\"og:image:width\" content=\"500\" \/>\n\t<meta property=\"og:image:height\" content=\"500\" \/>\n\t<meta property=\"og:image:type\" content=\"image\/png\" \/>\n<meta name=\"twitter:card\" content=\"summary_large_image\" \/>\n<meta name=\"twitter:label1\" content=\"Tiempo de lectura\" \/>\n\t<meta name=\"twitter:data1\" content=\"1 minuto\" \/>\n<script type=\"application\/ld+json\" class=\"yoast-schema-graph\">{\"@context\":\"https:\/\/schema.org\",\"@graph\":[{\"@type\":[\"WebPage\",\"ContactPage\"],\"@id\":\"https:\/\/infinityc.com.co\/index.php\/contacto\/\",\"url\":\"https:\/\/infinityc.com.co\/index.php\/contacto\/\",\"name\":\"Contacto - infinityc.com.co | Sitios Web | SEO | Publicidad Online | Marketing Digital\",\"isPartOf\":{\"@id\":\"https:\/\/infinityc.com.co\/#website\"},\"datePublished\":\"2023-10-10T12:40:08+00:00\",\"dateModified\":\"2025-04-16T14:45:36+00:00\",\"description\":\"\u00a1Con\u00e9ctate con nosotros para descubrir c\u00f3mo nuestra experiencia en desarrollo de sitios web, estrategias SEO avanzadas, marketing efectivo y fotograf\u00eda de productos de alta calidad pueden potenciar tu presencia en l\u00ednea!\",\"breadcrumb\":{\"@id\":\"https:\/\/infinityc.com.co\/index.php\/contacto\/#breadcrumb\"},\"inLanguage\":\"es\",\"potentialAction\":[{\"@type\":\"ReadAction\",\"target\":[\"https:\/\/infinityc.com.co\/index.php\/contacto\/\"]}]},{\"@type\":\"BreadcrumbList\",\"@id\":\"https:\/\/infinityc.com.co\/index.php\/contacto\/#breadcrumb\",\"itemListElement\":[{\"@type\":\"ListItem\",\"position\":1,\"name\":\"Home\",\"item\":\"https:\/\/infinityc.com.co\/\"},{\"@type\":\"ListItem\",\"position\":2,\"name\":\"Contacto\"}]},{\"@type\":\"WebSite\",\"@id\":\"https:\/\/infinityc.com.co\/#website\",\"url\":\"https:\/\/infinityc.com.co\/\",\"name\":\"Infinityc\",\"description\":\"Expertos en Desarrollo Web, Marketing y Publicidad Online\",\"publisher\":{\"@id\":\"https:\/\/infinityc.com.co\/#organization\"},\"alternateName\":\"Sitios Web infinityc\",\"potentialAction\":[{\"@type\":\"SearchAction\",\"target\":{\"@type\":\"EntryPoint\",\"urlTemplate\":\"https:\/\/infinityc.com.co\/?s={search_term_string}\"},\"query-input\":\"required name=search_term_string\"}],\"inLanguage\":\"es\"},{\"@type\":\"Organization\",\"@id\":\"https:\/\/infinityc.com.co\/#organization\",\"name\":\"INFINITYC\",\"alternateName\":\"INF\",\"url\":\"https:\/\/infinityc.com.co\/\",\"logo\":{\"@type\":\"ImageObject\",\"inLanguage\":\"es\",\"@id\":\"https:\/\/infinityc.com.co\/#\/schema\/logo\/image\/\",\"url\":\"https:\/\/infinityc.com.co\/wp-content\/uploads\/2023\/10\/Logotipo-de-empresa-de-programacion-de-sistemas-y-tecnologia-1.png\",\"contentUrl\":\"https:\/\/infinityc.com.co\/wp-content\/uploads\/2023\/10\/Logotipo-de-empresa-de-programacion-de-sistemas-y-tecnologia-1.png\",\"width\":500,\"height\":500,\"caption\":\"INFINITYC\"},\"image\":{\"@id\":\"https:\/\/infinityc.com.co\/#\/schema\/logo\/image\/\"},\"sameAs\":[\"https:\/\/www.instagram.com\/infinityc.co\/\",\"https:\/\/www.tiktok.com\/@infinityc.com.co?is_from_webapp=1&sender_device=pc\"]}]}<\/script>\n<!-- \/ Yoast SEO plugin. -->","yoast_head_json":{"title":"Contacto - infinityc.com.co | Sitios Web | SEO | Publicidad Online | Marketing Digital","description":"\u00a1Con\u00e9ctate con nosotros para descubrir c\u00f3mo nuestra experiencia en desarrollo de sitios web, estrategias SEO avanzadas, marketing efectivo y fotograf\u00eda de productos de alta calidad pueden potenciar tu presencia en l\u00ednea!","robots":{"index":"index","follow":"follow","max-snippet":"max-snippet:-1","max-image-preview":"max-image-preview:large","max-video-preview":"max-video-preview:-1"},"canonical":"https:\/\/infinityc.com.co\/index.php\/contacto\/","og_locale":"es_ES","og_type":"article","og_title":"Contacto - infinityc.com.co | Sitios Web | SEO | Publicidad Online | Marketing Digital","og_description":"\u00a1Con\u00e9ctate con nosotros para descubrir c\u00f3mo nuestra experiencia en desarrollo de sitios web, estrategias SEO avanzadas, marketing efectivo y fotograf\u00eda de productos de alta calidad pueden potenciar tu presencia en l\u00ednea!","og_url":"https:\/\/infinityc.com.co\/index.php\/contacto\/","og_site_name":"infinityc.com.co | Sitios Web | SEO | Publicidad Online | Marketing Digital","article_modified_time":"2025-04-16T14:45:36+00:00","og_image":[{"width":500,"height":500,"url":"https:\/\/infinityc.com.co\/wp-content\/uploads\/2023\/10\/Logotipo-de-empresa-de-programacion-de-sistemas-y-tecnologia-1.png","type":"image\/png"}],"twitter_card":"summary_large_image","twitter_misc":{"Tiempo de lectura":"1 minuto"},"schema":{"@context":"https:\/\/schema.org","@graph":[{"@type":["WebPage","ContactPage"],"@id":"https:\/\/infinityc.com.co\/index.php\/contacto\/","url":"https:\/\/infinityc.com.co\/index.php\/contacto\/","name":"Contacto - infinityc.com.co | Sitios Web | SEO | Publicidad Online | Marketing Digital","isPartOf":{"@id":"https:\/\/infinityc.com.co\/#website"},"datePublished":"2023-10-10T12:40:08+00:00","dateModified":"2025-04-16T14:45:36+00:00","description":"\u00a1Con\u00e9ctate con nosotros para descubrir c\u00f3mo nuestra experiencia en desarrollo de sitios web, estrategias SEO avanzadas, marketing efectivo y fotograf\u00eda de productos de alta calidad pueden potenciar tu presencia en l\u00ednea!","breadcrumb":{"@id":"https:\/\/infinityc.com.co\/index.php\/contacto\/#breadcrumb"},"inLanguage":"es","potentialAction":[{"@type":"ReadAction","target":["https:\/\/infinityc.com.co\/index.php\/contacto\/"]}]},{"@type":"BreadcrumbList","@id":"https:\/\/infinityc.com.co\/index.php\/contacto\/#breadcrumb","itemListElement":[{"@type":"ListItem","position":1,"name":"Home","item":"https:\/\/infinityc.com.co\/"},{"@type":"ListItem","position":2,"name":"Contacto"}]},{"@type":"WebSite","@id":"https:\/\/infinityc.com.co\/#website","url":"https:\/\/infinityc.com.co\/","name":"Infinityc","description":"Expertos en Desarrollo Web, Marketing y Publicidad Online","publisher":{"@id":"https:\/\/infinityc.com.co\/#organization"},"alternateName":"Sitios Web infinityc","potentialAction":[{"@type":"SearchAction","target":{"@type":"EntryPoint","urlTemplate":"https:\/\/infinityc.com.co\/?s={search_term_string}"},"query-input":"required name=search_term_string"}],"inLanguage":"es"},{"@type":"Organization","@id":"https:\/\/infinityc.com.co\/#organization","name":"INFINITYC","alternateName":"INF","url":"https:\/\/infinityc.com.co\/","logo":{"@type":"ImageObject","inLanguage":"es","@id":"https:\/\/infinityc.com.co\/#\/schema\/logo\/image\/","url":"https:\/\/infinityc.com.co\/wp-content\/uploads\/2023\/10\/Logotipo-de-empresa-de-programacion-de-sistemas-y-tecnologia-1.png","contentUrl":"https:\/\/infinityc.com.co\/wp-content\/uploads\/2023\/10\/Logotipo-de-empresa-de-programacion-de-sistemas-y-tecnologia-1.png","width":500,"height":500,"caption":"INFINITYC"},"image":{"@id":"https:\/\/infinityc.com.co\/#\/schema\/logo\/image\/"},"sameAs":["https:\/\/www.instagram.com\/infinityc.co\/","https:\/\/www.tiktok.com\/@infinityc.com.co?is_from_webapp=1&sender_device=pc"]}]}},"jetpack_sharing_enabled":true,"_links":{"self":[{"href":"https:\/\/infinityc.com.co\/index.php\/wp-json\/wp\/v2\/pages\/274","targetHints":{"allow":["GET"]}}],"collection":[{"href":"https:\/\/infinityc.com.co\/index.php\/wp-json\/wp\/v2\/pages"}],"about":[{"href":"https:\/\/infinityc.com.co\/index.php\/wp-json\/wp\/v2\/types\/page"}],"author":[{"embeddable":true,"href":"https:\/\/infinityc.com.co\/index.php\/wp-json\/wp\/v2\/users\/1"}],"replies":[{"embeddable":true,"href":"https:\/\/infinityc.com.co\/index.php\/wp-json\/wp\/v2\/comments?post=274"}],"version-history":[{"count":5,"href":"https:\/\/infinityc.com.co\/index.php\/wp-json\/wp\/v2\/pages\/274\/revisions"}],"predecessor-version":[{"id":496,"href":"https:\/\/infinityc.com.co\/index.php\/wp-json\/wp\/v2\/pages\/274\/revisions\/496"}],"wp:attachment":[{"href":"https:\/\/infinityc.com.co\/index.php\/wp-json\/wp\/v2\/media?parent=274"}],"curies":[{"name":"wp","href":"https:\/\/api.w.org\/{rel}","templated":true}]}}